{"id":240,"date":"2022-04-24T11:34:56","date_gmt":"2022-04-24T11:34:56","guid":{"rendered":"https:\/\/www.salosverige.se\/?page_id=240"},"modified":"2023-03-28T11:29:38","modified_gmt":"2023-03-28T11:29:38","slug":"integritetspolicy","status":"publish","type":"page","link":"https:\/\/www.salosverige.se\/?page_id=240","title":{"rendered":"Integritetspolicy"},"content":{"rendered":"\r\n\r\n\r\n<p><strong>Behandling av personuppgifter.<br \/><\/strong>F\u00f6r oss \u00e4r din personliga integritet viktigt. Vi efterstr\u00e4var en h\u00f6g niv\u00e5 av dataskydd. I denna policy f\u00f6rklarar vi hur vi samlar in och anv\u00e4nder personuppgifter. Vi beskriver ocks\u00e5 dina r\u00e4ttigheter och hur du kan g\u00f6ra dem g\u00e4llande. Du \u00e4r alltid v\u00e4lkommen att kontakta oss om du har fr\u00e5gor om hur vi behandlar dina personuppgifter.<\/p>\r\n\r\n\r\n\r\n\r\n\r\n\r\n\r\n<p><strong>Vad \u00e4r en personuppgift och vad \u00e4r en behandling av personuppgifter?<br \/><\/strong>Personuppgifter \u00e4r alla uppgifter om en levande fysisk person som direkt eller indirekt kan kopplas till den personen. Det handlar inte bara om namn och adress utan \u00e4ven om till exempel bilder och e-postadresser.<\/p>\r\n\r\n\r\n\r\n\r\n\r\n<p>Behandling av personuppgifter \u00e4r allt som sker med personuppgifterna i IT-systemen, oavsett om det handlar om mobila enheter eller datorer. Det handlar om till exempel insamling, registrering, strukturering, lagring, bearbetning och \u00f6verf\u00f6ring. I vissa fall kan \u00e4ven manuella register omfattas.<\/p>\r\n\r\n\r\n\r\n<p><strong>Vilka personuppgifter samlar vi in om dig och varf\u00f6r?<br \/><\/strong>Vi behandlar i huvudsak ditt namn och kontaktuppgifter men \u00e4ven uppgifter som r\u00f6r aktuellt kund\u00e4rende.<\/p>\r\n\r\n\r\n\r\n\r\n\r\n<p><strong>Cookies.<br \/><\/strong>P\u00e5 v\u00e5r webbplats anv\u00e4nds cookies (kakor), det vill s\u00e4ga sm\u00e5 textfiler som lagras p\u00e5 bes\u00f6karens dator och som bland annat kan spara personliga inst\u00e4llningar och g\u00f6r det m\u00f6jligt att f\u00f6lja vad bes\u00f6karen g\u00f6r p\u00e5 webbplatsen. Du kan st\u00e4lla in webbl\u00e4saren s\u00e5 att cookies inte sparas eller beg\u00e4ra bekr\u00e4ftelse innan en cookie lagras. P\u00e5 detta s\u00e4tt kan du sj\u00e4lv avg\u00f6ra om du vill acceptera eller avvisa varje enskild kaka. Dessutom kan du \u00e4ndra inst\u00e4llningarna f\u00f6r cookies under inst\u00e4llningar i din webbl\u00e4sare.<\/p>\r\n\r\n\r\n\r\n\r\n\r\n<p><strong>Egna cookies.<br \/><\/strong>Vissa cookies \u00e4r n\u00f6dv\u00e4ndiga f\u00f6r att kunna visa inneh\u00e5llet p\u00e5 v\u00e5r hemsida och dessa g\u00e5r inte att st\u00e4nga av om du vill kunna ta del av all funktionalitet p\u00e5 v\u00e5r webbplats. Dessa cookies lagrar ingen information som kan identifiera dig som enskild person. Vissa cookies \u00e4r tillg\u00e4ngliga f\u00f6r att f\u00f6rb\u00e4ttra din anv\u00e4ndarupplevelse n\u00e4r du bes\u00f6ker v\u00e5r webbplats.<\/p>\r\n\r\n\r\n\r\n\r\n\r\n<p><strong>Webbanalys.<br \/><\/strong>Vi kan komma att samla in statistik \u00f6ver anv\u00e4ndningen och bes\u00f6ksfl\u00f6dena p\u00e5 v\u00e5r hemsida. Denna information samlas in f\u00f6r att g\u00f6ra v\u00e5r webbplats s\u00e5 anv\u00e4ndarv\u00e4nlig och relevant som m\u00f6jligt f\u00f6r dig som bes\u00f6kare. All den information som samlas in i detta syfte aggregeras p\u00e5 \u00f6vergripande niv\u00e5 och \u00e4r anonym.<br \/><br \/><strong>Hur l\u00e4nge sparar vi dina personuppgifter?<br \/><\/strong>Vi lagrar dina personuppgifter i princip s\u00e5 l\u00e4nge som tillhandah\u00e5llandet av v\u00e5ra tj\u00e4nster kr\u00e4ver eller om vi anser att det f\u00f6religger ett legitimt intresse f\u00f6r ytterligare lagring.<\/p>\r\n\r\n\r\n\r\n\r\n\r\n\r\n\r\n\r\n\r\n<p><strong>Vad \u00e4r dina r\u00e4ttigheter som registrerad?<br \/><\/strong>Som registrerad har du enligt g\u00e4llande lagstiftning ett antal r\u00e4ttigheter. Du har r\u00e4tt till att f\u00e5 ett utdrag som visar vilka personuppgifter vi har registrerade om dig. Du kan beg\u00e4ra r\u00e4ttelse av felaktiga uppgifter och i vissa fall radering.<\/p>\r\n\r\n\r\n\r\n\r\n\r\n<p><strong>Kontakta oss vid fr\u00e5gor om hur vi behandlar personuppgifter.<br \/><\/strong>Om du har fr\u00e5gor om hur vi behandlar personuppgifter kontakta oss.<br \/>Vi kan komma att g\u00f6ra \u00e4ndringar i v\u00e5r integritetspolicy. Den senaste versionen av integritetspolicyn finns alltid h\u00e4r p\u00e5 webbplatsen<\/p>\r\n\r\n\r\n","protected":false},"excerpt":{"rendered":"<p>Behandling av personuppgifter.F\u00f6r oss \u00e4r din personliga integritet viktigt. Vi efterstr\u00e4var en h\u00f6g niv\u00e5 av dataskydd. I denna policy f\u00f6rklarar vi hur vi samlar in och anv\u00e4nder personuppgifter. Vi beskriver ocks\u00e5 dina r\u00e4ttigheter och hur du kan g\u00f6ra dem g\u00e4llande. Du \u00e4r alltid v\u00e4lkommen att kontakta oss om du har fr\u00e5gor om hur vi behandlar [&hellip;]<\/p>\n","protected":false},"author":1,"featured_media":0,"parent":0,"menu_order":0,"comment_status":"closed","ping_status":"closed","template":"","meta":{"pagelayer_contact_templates":[],"_pagelayer_content":"","footnotes":""},"class_list":["post-240","page","type-page","status-publish","czr-hentry"],"_links":{"self":[{"href":"https:\/\/www.salosverige.se\/index.php?rest_route=\/wp\/v2\/pages\/240","targetHints":{"allow":["GET"]}}],"collection":[{"href":"https:\/\/www.salosverige.se\/index.php?rest_route=\/wp\/v2\/pages"}],"about":[{"href":"https:\/\/www.salosverige.se\/index.php?rest_route=\/wp\/v2\/types\/page"}],"author":[{"embeddable":true,"href":"https:\/\/www.salosverige.se\/index.php?rest_route=\/wp\/v2\/users\/1"}],"replies":[{"embeddable":true,"href":"https:\/\/www.salosverige.se\/index.php?rest_route=%2Fwp%2Fv2%2Fcomments&post=240"}],"version-history":[{"count":7,"href":"https:\/\/www.salosverige.se\/index.php?rest_route=\/wp\/v2\/pages\/240\/revisions"}],"predecessor-version":[{"id":405,"href":"https:\/\/www.salosverige.se\/index.php?rest_route=\/wp\/v2\/pages\/240\/revisions\/405"}],"wp:attachment":[{"href":"https:\/\/www.salosverige.se\/index.php?rest_route=%2Fwp%2Fv2%2Fmedia&parent=240"}],"curies":[{"name":"wp","href":"https:\/\/api.w.org\/{rel}","templated":true}]}}