{"id":14,"date":"2020-06-16T18:55:39","date_gmt":"2020-06-16T18:55:39","guid":{"rendered":"https:\/\/www.salosverige.se\/?page_id=14"},"modified":"2023-03-28T11:41:38","modified_gmt":"2023-03-28T11:41:38","slug":"bli-medlem","status":"publish","type":"page","link":"https:\/\/www.salosverige.se\/?page_id=14","title":{"rendered":"Bli medlem"},"content":{"rendered":"\r\n<p class=\"has-text-align-left\"><strong>Sveriges Alternativa Landsorganisation<br \/><br \/><\/strong>V\u00e4lkomnar alla m\u00e4nniskor som vill ha ett mer humant samh\u00e4lle.<br \/><br \/>Medlemsalternativ och \u00e5rsavgift:<br \/>Medlemsavgift: 150kr<br \/>Familjemedlem: 50kr<br \/>St\u00f6dmedlem: 20kr<\/p>\r\n\r\n\r\n\r\n<p class=\"has-text-align-left\">Bankgiro 817-6182\u00a0\u00a0\u00a0\u00a0\u00a0 PlusGiro 38 22 81 \u2013 4<\/p>\r\n\r\n\r\n\r\n<p class=\"has-text-align-left\"><em>OBS! Vi beh\u00f6ver ert namn och adressuppgifter <br \/>och epost \u00e4ven mobilnummer vid betalning.<\/em><\/p>\r\n\r\n\r\n\r\n<p class=\"has-text-align-left\">Tack f\u00f6r ditt st\u00f6d!<\/p>\r\n\r\n\r\n\r\n<p>&nbsp;<\/p>\r\n\r\n\r\n\r\n<p>&nbsp;<\/p>\r\n","protected":false},"excerpt":{"rendered":"<p>Sveriges Alternativa Landsorganisation V\u00e4lkomnar alla m\u00e4nniskor som vill ha ett mer humant samh\u00e4lle. Medlemsalternativ och \u00e5rsavgift:Medlemsavgift: 150krFamiljemedlem: 50krSt\u00f6dmedlem: 20kr Bankgiro 817-6182\u00a0\u00a0\u00a0\u00a0\u00a0 PlusGiro 38 22 81 \u2013 4 OBS! Vi beh\u00f6ver ert namn och adressuppgifter och epost \u00e4ven mobilnummer vid betalning. Tack f\u00f6r ditt st\u00f6d! &nbsp; &nbsp;<\/p>\n","protected":false},"author":1,"featured_media":0,"parent":0,"menu_order":0,"comment_status":"closed","ping_status":"closed","template":"","meta":{"pagelayer_contact_templates":[],"_pagelayer_content":"","footnotes":""},"class_list":["post-14","page","type-page","status-publish","czr-hentry"],"_links":{"self":[{"href":"https:\/\/www.salosverige.se\/index.php?rest_route=\/wp\/v2\/pages\/14","targetHints":{"allow":["GET"]}}],"collection":[{"href":"https:\/\/www.salosverige.se\/index.php?rest_route=\/wp\/v2\/pages"}],"about":[{"href":"https:\/\/www.salosverige.se\/index.php?rest_route=\/wp\/v2\/types\/page"}],"author":[{"embeddable":true,"href":"https:\/\/www.salosverige.se\/index.php?rest_route=\/wp\/v2\/users\/1"}],"replies":[{"embeddable":true,"href":"https:\/\/www.salosverige.se\/index.php?rest_route=%2Fwp%2Fv2%2Fcomments&post=14"}],"version-history":[{"count":23,"href":"https:\/\/www.salosverige.se\/index.php?rest_route=\/wp\/v2\/pages\/14\/revisions"}],"predecessor-version":[{"id":412,"href":"https:\/\/www.salosverige.se\/index.php?rest_route=\/wp\/v2\/pages\/14\/revisions\/412"}],"wp:attachment":[{"href":"https:\/\/www.salosverige.se\/index.php?rest_route=%2Fwp%2Fv2%2Fmedia&parent=14"}],"curies":[{"name":"wp","href":"https:\/\/api.w.org\/{rel}","templated":true}]}}